{"id":99,"date":"2014-03-18T19:33:29","date_gmt":"2014-03-18T18:33:29","guid":{"rendered":"http:\/\/www.jiririgo.cz\/?page_id=99"},"modified":"2017-03-25T18:33:26","modified_gmt":"2017-03-25T17:33:26","slug":"ptaci-pohled-na-mape","status":"publish","type":"page","link":"https:\/\/www.jiririgo.cz\/?page_id=99","title":{"rendered":"Pta\u010d\u00ed pohled na map\u011b"},"content":{"rendered":"<p><a href=\"http:\/\/www.mapy.cz\/zakladni?x=17.7536207&amp;y=49.7800982&amp;z=15&amp;source=firm&amp;id=238037&amp;q=Selsk%C3%A1%20951\" target=\"_blank\"><img loading=\"lazy\" decoding=\"async\" class=\"alignnone wp-image-130 size-medium\" src=\"https:\/\/www.jiririgo.cz\/wp-content\/uploads\/2014\/03\/V\u00fdst\u0159i\u017eek-2-300x170.jpg\" alt=\"V\u00fdst\u0159i\u017eek 2\" width=\"300\" height=\"170\" srcset=\"https:\/\/www.jiririgo.cz\/wp-content\/uploads\/2014\/03\/V\u00fdst\u0159i\u017eek-2-300x170.jpg 300w, https:\/\/www.jiririgo.cz\/wp-content\/uploads\/2014\/03\/V\u00fdst\u0159i\u017eek-2.jpg 863w\" sizes=\"auto, (max-width: 300px) 100vw, 300px\" \/><\/a><\/p>\n","protected":false},"excerpt":{"rendered":"","protected":false},"author":2,"featured_media":0,"parent":0,"menu_order":0,"comment_status":"open","ping_status":"open","template":"","meta":{"ngg_post_thumbnail":0,"footnotes":""},"class_list":["post-99","page","type-page","status-publish","hentry"],"_links":{"self":[{"href":"https:\/\/www.jiririgo.cz\/index.php?rest_route=\/wp\/v2\/pages\/99","targetHints":{"allow":["GET"]}}],"collection":[{"href":"https:\/\/www.jiririgo.cz\/index.php?rest_route=\/wp\/v2\/pages"}],"about":[{"href":"https:\/\/www.jiririgo.cz\/index.php?rest_route=\/wp\/v2\/types\/page"}],"author":[{"embeddable":true,"href":"https:\/\/www.jiririgo.cz\/index.php?rest_route=\/wp\/v2\/users\/2"}],"replies":[{"embeddable":true,"href":"https:\/\/www.jiririgo.cz\/index.php?rest_route=%2Fwp%2Fv2%2Fcomments&post=99"}],"version-history":[{"count":4,"href":"https:\/\/www.jiririgo.cz\/index.php?rest_route=\/wp\/v2\/pages\/99\/revisions"}],"predecessor-version":[{"id":256,"href":"https:\/\/www.jiririgo.cz\/index.php?rest_route=\/wp\/v2\/pages\/99\/revisions\/256"}],"wp:attachment":[{"href":"https:\/\/www.jiririgo.cz\/index.php?rest_route=%2Fwp%2Fv2%2Fmedia&parent=99"}],"curies":[{"name":"wp","href":"https:\/\/api.w.org\/{rel}","templated":true}]}}