{"id":91,"date":"2014-03-18T19:25:15","date_gmt":"2014-03-18T18:25:15","guid":{"rendered":"http:\/\/www.jiririgo.cz\/?page_id=91"},"modified":"2021-11-14T13:45:13","modified_gmt":"2021-11-14T12:45:13","slug":"nazev-firmy","status":"publish","type":"page","link":"https:\/\/www.jiririgo.cz\/?page_id=91","title":{"rendered":"O n\u00e1s"},"content":{"rendered":"<div>\n<p xml:lang=\"CS-CZ\">Ji\u0159\u00ed Rig\u00f3 s.r.o.<\/p>\n<\/div>\n<div>\n<p xml:lang=\"CS-CZ\">Selsk\u00e1 951<\/p>\n<\/div>\n<div>\n<p xml:lang=\"CS-CZ\">V\u00edtkov 749 01<\/p>\n<\/div>\n<div><a href=\"http:\/\/www.mapy.cz\/s\/9ndi\" target=\"_blank\" rel=\"noopener noreferrer\">S\u00eddlo firmy<\/a><\/div>\n<div>&nbsp;<\/div>\n<div>&nbsp;<\/div>\n<div>&nbsp;<\/div>\n<div>\n<p xml:lang=\"CS-CZ\">Tel:&nbsp; &nbsp; &nbsp; &nbsp;&nbsp; +420 556 300 945<\/p>\n<\/div>\n<div>\n<p xml:lang=\"CS-CZ\">Tel:&nbsp;&nbsp;&nbsp;&nbsp;&nbsp;&nbsp;&nbsp; +420 556 301 820<a href=\"https:\/\/www.jiririgo.cz\/wp-content\/uploads\/2020\/02\/Rigo-1.png\"><img loading=\"lazy\" decoding=\"async\" class=\"size-medium wp-image-319 alignright\" src=\"https:\/\/www.jiririgo.cz\/wp-content\/uploads\/2020\/02\/Rigo-1-300x210.png\" alt=\"\" width=\"300\" height=\"210\" srcset=\"https:\/\/www.jiririgo.cz\/wp-content\/uploads\/2020\/02\/Rigo-1-300x210.png 300w, https:\/\/www.jiririgo.cz\/wp-content\/uploads\/2020\/02\/Rigo-1.png 518w\" sizes=\"auto, (max-width: 300px) 100vw, 300px\" \/><\/a><\/p>\n<p xml:lang=\"CS-CZ\">Mobil:&nbsp; &nbsp;+420 601 561 610<\/p>\n<\/div>\n<div>\n<p xml:lang=\"CS-CZ\">E-mail: &nbsp;info(zavinac)jiririgo.cz<\/p>\n<\/div>\n<div>\n<p xml:lang=\"CS-CZ\">WWW: <a href=\"https:\/\/www.jiririgo.cz\">http:\/\/jiririgo.cz<\/a><\/p>\n<\/div>\n<div>\n<p xml:lang=\"CS-CZ\">Poku\u010f n\u00e1s chcete kontaktovat, pros\u00edm pou\u017e\u00edte tel. \u010d\u00edslo nebo email. Nepou\u017e\u00edvejte koment\u00e1\u0159e ( p\u00ed\u0161e tam hodn\u011b rusk\u00fdch bot\u016f ) , d\u011bkujeme.<\/p>\n<\/div>\n\n\n<p><\/p>\n","protected":false},"excerpt":{"rendered":"<p>Ji\u0159\u00ed Rig\u00f3 s.r.o. Selsk\u00e1 951 V\u00edtkov 749 01 S\u00eddlo firmy &nbsp; &nbsp; &nbsp; Tel:&nbsp; &nbsp; &nbsp; &nbsp;&nbsp; +420 556 300 945 Tel:&nbsp;&nbsp;&nbsp;&nbsp;&nbsp;&nbsp;&nbsp; +420 556 301 820 Mobil:&nbsp; &nbsp;+420 601 561 [&hellip;]<\/p>\n","protected":false},"author":2,"featured_media":0,"parent":63,"menu_order":0,"comment_status":"open","ping_status":"open","template":"","meta":{"ngg_post_thumbnail":0,"footnotes":""},"class_list":["post-91","page","type-page","status-publish","hentry"],"_links":{"self":[{"href":"https:\/\/www.jiririgo.cz\/index.php?rest_route=\/wp\/v2\/pages\/91","targetHints":{"allow":["GET"]}}],"collection":[{"href":"https:\/\/www.jiririgo.cz\/index.php?rest_route=\/wp\/v2\/pages"}],"about":[{"href":"https:\/\/www.jiririgo.cz\/index.php?rest_route=\/wp\/v2\/types\/page"}],"author":[{"embeddable":true,"href":"https:\/\/www.jiririgo.cz\/index.php?rest_route=\/wp\/v2\/users\/2"}],"replies":[{"embeddable":true,"href":"https:\/\/www.jiririgo.cz\/index.php?rest_route=%2Fwp%2Fv2%2Fcomments&post=91"}],"version-history":[{"count":14,"href":"https:\/\/www.jiririgo.cz\/index.php?rest_route=\/wp\/v2\/pages\/91\/revisions"}],"predecessor-version":[{"id":336,"href":"https:\/\/www.jiririgo.cz\/index.php?rest_route=\/wp\/v2\/pages\/91\/revisions\/336"}],"up":[{"embeddable":true,"href":"https:\/\/www.jiririgo.cz\/index.php?rest_route=\/wp\/v2\/pages\/63"}],"wp:attachment":[{"href":"https:\/\/www.jiririgo.cz\/index.php?rest_route=%2Fwp%2Fv2%2Fmedia&parent=91"}],"curies":[{"name":"wp","href":"https:\/\/api.w.org\/{rel}","templated":true}]}}