{"id":133,"date":"2014-03-18T20:02:49","date_gmt":"2014-03-18T19:02:49","guid":{"rendered":"http:\/\/www.jiririgo.cz\/?page_id=133"},"modified":"2017-03-25T18:42:54","modified_gmt":"2017-03-25T17:42:54","slug":"technologie-2","status":"publish","type":"page","link":"https:\/\/www.jiririgo.cz\/?page_id=133","title":{"rendered":"technologie"},"content":{"rendered":"<div>\n<p xml:lang=\"CS-CZ\">Lisov\u00e1n\u00ed&nbsp;se prov\u00e1d\u00ed&nbsp;na vulkaniza\u010dn\u00edch lisech, kde vzhled v\u00fdrobku z\u00e1vis\u00ed&nbsp;na rozli\u010dn\u00fdch&nbsp;form\u00e1ch.<\/p>\n<\/div>\n<div>\n<p xml:lang=\"CS-CZ\">K v\u00fdrob\u011b se pou\u017e\u00edvaj\u00ed&nbsp;gum\u00e1rensk\u00e9 sm\u011bsi od 30\u2070&nbsp;ShA do 90\u2070&nbsp;ShA<\/p>\n<\/div>\nngg_shortcode_0_placeholder\n","protected":false},"excerpt":{"rendered":"<p>Lisov\u00e1n\u00ed&nbsp;se prov\u00e1d\u00ed&nbsp;na vulkaniza\u010dn\u00edch lisech, kde vzhled v\u00fdrobku z\u00e1vis\u00ed&nbsp;na rozli\u010dn\u00fdch&nbsp;form\u00e1ch. K v\u00fdrob\u011b se pou\u017e\u00edvaj\u00ed&nbsp;gum\u00e1rensk\u00e9 sm\u011bsi od 30\u2070&nbsp;ShA do 90\u2070&nbsp;ShA &#8220; order_by=&#8220;sortorder&#8220; order_direction=&#8220;ASC&#8220; returns=&#8220;included&#8220; maximum_entity_count=&#8220;500&#8243;]<\/p>\n","protected":false},"author":2,"featured_media":0,"parent":71,"menu_order":0,"comment_status":"open","ping_status":"open","template":"","meta":{"ngg_post_thumbnail":0,"footnotes":""},"class_list":["post-133","page","type-page","status-publish","hentry"],"_links":{"self":[{"href":"https:\/\/www.jiririgo.cz\/index.php?rest_route=\/wp\/v2\/pages\/133","targetHints":{"allow":["GET"]}}],"collection":[{"href":"https:\/\/www.jiririgo.cz\/index.php?rest_route=\/wp\/v2\/pages"}],"about":[{"href":"https:\/\/www.jiririgo.cz\/index.php?rest_route=\/wp\/v2\/types\/page"}],"author":[{"embeddable":true,"href":"https:\/\/www.jiririgo.cz\/index.php?rest_route=\/wp\/v2\/users\/2"}],"replies":[{"embeddable":true,"href":"https:\/\/www.jiririgo.cz\/index.php?rest_route=%2Fwp%2Fv2%2Fcomments&post=133"}],"version-history":[{"count":6,"href":"https:\/\/www.jiririgo.cz\/index.php?rest_route=\/wp\/v2\/pages\/133\/revisions"}],"predecessor-version":[{"id":267,"href":"https:\/\/www.jiririgo.cz\/index.php?rest_route=\/wp\/v2\/pages\/133\/revisions\/267"}],"up":[{"embeddable":true,"href":"https:\/\/www.jiririgo.cz\/index.php?rest_route=\/wp\/v2\/pages\/71"}],"wp:attachment":[{"href":"https:\/\/www.jiririgo.cz\/index.php?rest_route=%2Fwp%2Fv2%2Fmedia&parent=133"}],"curies":[{"name":"wp","href":"https:\/\/api.w.org\/{rel}","templated":true}]}}