{"id":120,"date":"2014-03-18T19:54:18","date_gmt":"2014-03-18T18:54:18","guid":{"rendered":"http:\/\/www.jiririgo.cz\/?page_id=120"},"modified":"2017-03-25T18:48:43","modified_gmt":"2017-03-25T17:48:43","slug":"technologie-2","status":"publish","type":"page","link":"https:\/\/www.jiririgo.cz\/?page_id=120","title":{"rendered":"Technologie"},"content":{"rendered":"<p>V\u00fdroba&nbsp;vysek\u00e1van\u00fdch t\u011bsn\u011bn\u00ed&nbsp;se prov\u00e1d\u00ed&nbsp;na Mostov\u00fdch vysek\u00e1vac\u00edch automatech.&nbsp;&nbsp;<\/p>\nngg_shortcode_0_placeholder\n","protected":false},"excerpt":{"rendered":"<p>V\u00fdroba&nbsp;vysek\u00e1van\u00fdch t\u011bsn\u011bn\u00ed&nbsp;se prov\u00e1d\u00ed&nbsp;na Mostov\u00fdch vysek\u00e1vac\u00edch automatech.&nbsp;&nbsp; &#8220; order_by=&#8220;sortorder&#8220; order_direction=&#8220;ASC&#8220; returns=&#8220;included&#8220; maximum_entity_count=&#8220;500&#8243;]<\/p>\n","protected":false},"author":2,"featured_media":0,"parent":65,"menu_order":0,"comment_status":"open","ping_status":"open","template":"","meta":{"ngg_post_thumbnail":0,"footnotes":""},"class_list":["post-120","page","type-page","status-publish","hentry"],"_links":{"self":[{"href":"https:\/\/www.jiririgo.cz\/index.php?rest_route=\/wp\/v2\/pages\/120","targetHints":{"allow":["GET"]}}],"collection":[{"href":"https:\/\/www.jiririgo.cz\/index.php?rest_route=\/wp\/v2\/pages"}],"about":[{"href":"https:\/\/www.jiririgo.cz\/index.php?rest_route=\/wp\/v2\/types\/page"}],"author":[{"embeddable":true,"href":"https:\/\/www.jiririgo.cz\/index.php?rest_route=\/wp\/v2\/users\/2"}],"replies":[{"embeddable":true,"href":"https:\/\/www.jiririgo.cz\/index.php?rest_route=%2Fwp%2Fv2%2Fcomments&post=120"}],"version-history":[{"count":7,"href":"https:\/\/www.jiririgo.cz\/index.php?rest_route=\/wp\/v2\/pages\/120\/revisions"}],"predecessor-version":[{"id":289,"href":"https:\/\/www.jiririgo.cz\/index.php?rest_route=\/wp\/v2\/pages\/120\/revisions\/289"}],"up":[{"embeddable":true,"href":"https:\/\/www.jiririgo.cz\/index.php?rest_route=\/wp\/v2\/pages\/65"}],"wp:attachment":[{"href":"https:\/\/www.jiririgo.cz\/index.php?rest_route=%2Fwp%2Fv2%2Fmedia&parent=120"}],"curies":[{"name":"wp","href":"https:\/\/api.w.org\/{rel}","templated":true}]}}