{"id":103,"date":"2014-03-18T19:34:31","date_gmt":"2014-03-18T18:34:31","guid":{"rendered":"http:\/\/www.jiririgo.cz\/?page_id=103"},"modified":"2014-03-18T19:34:31","modified_gmt":"2014-03-18T18:34:31","slug":"ruzne-typy-profilu","status":"publish","type":"page","link":"https:\/\/www.jiririgo.cz\/?page_id=103","title":{"rendered":"R\u016fzn\u00e9 typy profil\u016f"},"content":{"rendered":"<p>bude \u010dasem dopln\u011bno.<\/p>\n","protected":false},"excerpt":{"rendered":"<p>bude \u010dasem dopln\u011bno.<\/p>\n","protected":false},"author":2,"featured_media":0,"parent":0,"menu_order":0,"comment_status":"open","ping_status":"open","template":"","meta":{"ngg_post_thumbnail":0,"footnotes":""},"class_list":["post-103","page","type-page","status-publish","hentry"],"_links":{"self":[{"href":"https:\/\/www.jiririgo.cz\/index.php?rest_route=\/wp\/v2\/pages\/103","targetHints":{"allow":["GET"]}}],"collection":[{"href":"https:\/\/www.jiririgo.cz\/index.php?rest_route=\/wp\/v2\/pages"}],"about":[{"href":"https:\/\/www.jiririgo.cz\/index.php?rest_route=\/wp\/v2\/types\/page"}],"author":[{"embeddable":true,"href":"https:\/\/www.jiririgo.cz\/index.php?rest_route=\/wp\/v2\/users\/2"}],"replies":[{"embeddable":true,"href":"https:\/\/www.jiririgo.cz\/index.php?rest_route=%2Fwp%2Fv2%2Fcomments&post=103"}],"version-history":[{"count":1,"href":"https:\/\/www.jiririgo.cz\/index.php?rest_route=\/wp\/v2\/pages\/103\/revisions"}],"predecessor-version":[{"id":104,"href":"https:\/\/www.jiririgo.cz\/index.php?rest_route=\/wp\/v2\/pages\/103\/revisions\/104"}],"wp:attachment":[{"href":"https:\/\/www.jiririgo.cz\/index.php?rest_route=%2Fwp%2Fv2%2Fmedia&parent=103"}],"curies":[{"name":"wp","href":"https:\/\/api.w.org\/{rel}","templated":true}]}}